{"id":132,"date":"2025-06-26T05:11:05","date_gmt":"2025-06-26T05:11:05","guid":{"rendered":"https:\/\/www.ffw-rothenkirchen.de\/0900\/?page_id=132"},"modified":"2025-07-01T15:06:27","modified_gmt":"2025-07-01T15:06:27","slug":"der-vorstand-des-feuerwehrvereins","status":"publish","type":"page","link":"https:\/\/www.ffw-rothenkirchen.de\/0900\/?page_id=132","title":{"rendered":"Vereinsvorstand"},"content":{"rendered":"\n<figure class=\"wp-block-image size-large is-resized\"><img loading=\"lazy\" decoding=\"async\" width=\"1024\" height=\"769\" src=\"https:\/\/www.ffw-rothenkirchen.de\/0900\/wp-content\/uploads\/2025\/06\/ffw_vorstand2025-1024x769.jpg\" alt=\"\" class=\"wp-image-133\" style=\"width:544px;height:auto\" srcset=\"https:\/\/www.ffw-rothenkirchen.de\/0900\/wp-content\/uploads\/2025\/06\/ffw_vorstand2025-1024x769.jpg 1024w, https:\/\/www.ffw-rothenkirchen.de\/0900\/wp-content\/uploads\/2025\/06\/ffw_vorstand2025-300x225.jpg 300w, https:\/\/www.ffw-rothenkirchen.de\/0900\/wp-content\/uploads\/2025\/06\/ffw_vorstand2025-768x576.jpg 768w, https:\/\/www.ffw-rothenkirchen.de\/0900\/wp-content\/uploads\/2025\/06\/ffw_vorstand2025-1536x1153.jpg 1536w, https:\/\/www.ffw-rothenkirchen.de\/0900\/wp-content\/uploads\/2025\/06\/ffw_vorstand2025.jpg 2048w\" sizes=\"auto, (max-width: 1024px) 100vw, 1024px\" \/><\/figure>\n\n\n\n<p><strong>Der Vostand setzt sich aus folgenden Positionen zusammen:<\/strong><\/p>\n\n\n\n<p>1. Vorsitzende: Andrea Sch\u00fctze-Pausch (Vorn)<\/p>\n\n\n\n<p>2. Vorsitzender: Jochen M\u00e4nnel (Hinten, 2.v.l.)<\/p>\n\n\n\n<p>Kassenwart: Rico Sch\u00fctze (Hinten, 3.v.l.)<\/p>\n\n\n\n<p>Schriftf\u00fchrer: Andres Ebert (Auch als Stellv. Wehrleiter, Hinten, 5.v.l.)<\/p>\n\n\n\n<p>Weitere Mitglieder im Vorstand sind laut unserer Vereinssatzung:<\/p>\n\n\n\n<p>Wehrleiter Mike F\u00f6rster (Hinten, 6.v.l.) <\/p>\n\n\n\n<p>als Beisitzer Heiko Wenzel (Hinten, 4.v.l.) <\/p>\n\n\n\n<p>sowie der Jugendwart Jimmy M\u00f6ckel (Hinten, 1.v.l.).<\/p>\n\n\n\n<p><strong>Stand 22.Juni 2025<\/strong><\/p>\n\n\n\n<p><\/p>\n","protected":false},"excerpt":{"rendered":"<p>Der Vostand setzt sich aus folgenden Positionen zusammen: 1. Vorsitzende: Andrea Sch\u00fctze-Pausch (Vorn) 2. Vorsitzender: Jochen M\u00e4nnel (Hinten, 2.v.l.) Kassenwart: Rico Sch\u00fctze (Hinten, 3.v.l.) Schriftf\u00fchrer: Andres Ebert (Auch als Stellv. Wehrleiter, Hinten, 5.v.l.) Weitere Mitglieder im Vorstand sind laut unserer Vereinssatzung: Wehrleiter Mike F\u00f6rster (Hinten, 6.v.l.) als Beisitzer Heiko Wenzel (Hinten, 4.v.l.) sowie der Jugendwart [&hellip;]<\/p>\n","protected":false},"author":1,"featured_media":0,"parent":0,"menu_order":0,"comment_status":"closed","ping_status":"closed","template":"","meta":{"footnotes":""},"class_list":["post-132","page","type-page","status-publish","hentry"],"_links":{"self":[{"href":"https:\/\/www.ffw-rothenkirchen.de\/0900\/index.php?rest_route=\/wp\/v2\/pages\/132","targetHints":{"allow":["GET"]}}],"collection":[{"href":"https:\/\/www.ffw-rothenkirchen.de\/0900\/index.php?rest_route=\/wp\/v2\/pages"}],"about":[{"href":"https:\/\/www.ffw-rothenkirchen.de\/0900\/index.php?rest_route=\/wp\/v2\/types\/page"}],"author":[{"embeddable":true,"href":"https:\/\/www.ffw-rothenkirchen.de\/0900\/index.php?rest_route=\/wp\/v2\/users\/1"}],"replies":[{"embeddable":true,"href":"https:\/\/www.ffw-rothenkirchen.de\/0900\/index.php?rest_route=%2Fwp%2Fv2%2Fcomments&post=132"}],"version-history":[{"count":2,"href":"https:\/\/www.ffw-rothenkirchen.de\/0900\/index.php?rest_route=\/wp\/v2\/pages\/132\/revisions"}],"predecessor-version":[{"id":172,"href":"https:\/\/www.ffw-rothenkirchen.de\/0900\/index.php?rest_route=\/wp\/v2\/pages\/132\/revisions\/172"}],"wp:attachment":[{"href":"https:\/\/www.ffw-rothenkirchen.de\/0900\/index.php?rest_route=%2Fwp%2Fv2%2Fmedia&parent=132"}],"curies":[{"name":"wp","href":"https:\/\/api.w.org\/{rel}","templated":true}]}}